{"id":5,"date":"2021-01-24T19:01:27","date_gmt":"2021-01-24T17:01:27","guid":{"rendered":"http:\/\/www.mehok.uni-miskolc.hu\/btkhok\/?page_id=5"},"modified":"2022-01-28T12:03:20","modified_gmt":"2022-01-28T10:03:20","slug":"hok","status":"publish","type":"page","link":"http:\/\/www.mehok.uni-miskolc.hu\/btkhok\/?page_id=5","title":{"rendered":"H\u00d6K"},"content":{"rendered":"<table>\n<tbody>\n<tr>\n<td width=\"604\">\n<p style=\"text-align: center;\"><strong>ELN\u00d6KS\u00c9G<\/strong><\/p>\n<\/td>\n<\/tr>\n<tr>\n<td width=\"604\">\n<p style=\"text-align: center;\"><strong>Tardi Roland<\/strong><\/p>\n<p style=\"text-align: center;\">Hallgat\u00f3i \u00d6nkorm\u00e1nyzat Eln\u00f6k<br \/>\n<span style=\"font-family: inherit; font-size: inherit; line-height: 1.5;\">btkhok@uni-miskolc.hu<br \/>\n<\/span>06 30\/ 649 &#8211; 00 &#8211; 08<\/p>\n<\/td>\n<\/tr>\n<tr>\n<td width=\"604\">\n<p style=\"text-align: center;\"><strong>BTK-H\u00d6K eln\u00f6k k\u00f6zvetlen ir\u00e1ny\u00edt\u00e1sa al\u00e1 tartoz\u00f3 tagok<\/strong><\/p>\n<p style=\"text-align: center;\"><strong>Hoffer Barbara\u00a0<\/strong><\/p>\n<p style=\"text-align: center;\">Kommunik\u00e1ci\u00f3s referens<br \/>\ninstagram.com\/me_btkhok<\/p>\n<p style=\"text-align: center;\"><strong>Muszbek No\u00e9mi\u00a0<\/strong><\/p>\n<p style=\"text-align: center;\">Irodavezet\u0151<\/p>\n<\/td>\n<\/tr>\n<tr>\n<td style=\"text-align: center;\" width=\"604\"><strong>ALELN\u00d6K\u00d6K<\/strong><\/p>\n<p><strong>Tr\u00f3ja Andr\u00e1s<\/strong><\/p>\n<p>\u00c1ltal\u00e1nos \u00e9s koll\u00e9giumi \u00fcgyek\u00e9rt felel\u0151s aleln\u00f6k<br \/>\nbtkkb@uni-miskolc.hu<br \/>\n06 30\/ 782 &#8211;\u00a0 74 &#8211; 03<\/p>\n<p><strong>Jask\u00f3 Eszter<\/strong><\/p>\n<p>Szoci\u00e1lis \u00e9s \u00d6szt\u00f6nd\u00edj Bizotts\u00e1g Eln\u00f6k<br \/>\nbtkszob@uni-miskolc.hu<br \/>\n06 30\/ 929 &#8211; 45 -82<\/td>\n<\/tr>\n<tr>\n<td style=\"text-align: center;\" width=\"604\"><b>DOKTORANDUSZ HALLGAT\u00d3I K\u00c9PVISEL\u0150<\/b>Ludm\u00e1n Katalin<\/td>\n<\/tr>\n<tr>\n<td style=\"text-align: center;\" width=\"604\"><strong>Modern Filol\u00f3giai Int\u00e9zeti K\u00e9pviselet<\/strong><\/td>\n<\/tr>\n<tr>\n<td style=\"text-align: center;\" width=\"604\">S\u00e1ri Patrik<\/p>\n<div dir=\"auto\">06 30\/ 346 &#8211; 86 &#8211; 38<\/div>\n<div dir=\"auto\">saripatrik98@gmail.com<\/div>\n<div dir=\"auto\"><\/div>\n<div dir=\"auto\"><\/div>\n<\/td>\n<\/tr>\n<tr>\n<td style=\"text-align: center;\" width=\"604\"><b>T\u00f6rt\u00e9nettudom\u00e1nyi Int\u00e9zeti K\u00e9pviselet<\/b><\/td>\n<\/tr>\n<tr>\n<td style=\"text-align: center;\" width=\"604\">Kov\u00e1cs Franciska<br \/>\nkovacs.f.98@gmail.com<\/td>\n<\/tr>\n<tr>\n<td style=\"text-align: center;\" width=\"604\"><strong>Alkalmazott T\u00e1rsadalomtudom\u00e1nyok Int\u00e9zet\u00e9nek K\u00e9pviselete<\/strong><\/td>\n<\/tr>\n<tr>\n<td style=\"text-align: center;\" width=\"604\">Varga Benjamin<\/p>\n<div dir=\"auto\">06 30\/ 329 &#8211; 30 &#8211; 20<\/div>\n<div dir=\"auto\">varga.b.benjamin@gmail.com<\/div>\n<div dir=\"auto\"><\/div>\n<div dir=\"auto\"><\/div>\n<\/td>\n<\/tr>\n<tr>\n<td style=\"text-align: center;\" width=\"604\"><strong><span class=\"JsGRdQ\">Antropol\u00f3giai \u00e9s Filoz\u00f3fiai Tudom\u00e1nyok, \u00e9s Magyar Nyelv \u00e9s Irodalomtudom\u00e1nyok Int\u00e9zet\u00e9nek K\u00e9pviselete<\/span><\/strong><\/td>\n<\/tr>\n<tr>\n<td style=\"text-align: center;\" width=\"604\">Kardos Alexandra Zsuzsanna<\/p>\n<div dir=\"auto\">06 70\/ 414 &#8211; 89 &#8211; 66<\/div>\n<div dir=\"auto\">kardosszandi99@gmail.com<\/div>\n<div dir=\"auto\"><\/div>\n<div dir=\"auto\"><\/div>\n<\/td>\n<\/tr>\n<tr>\n<td style=\"text-align: center;\" width=\"604\"><strong>Tan\u00e1rk\u00e9pz\u0151 Int\u00e9zet Gy\u00f3gypedag\u00f3giai Tansz\u00e9k K\u00e9pviselete<\/strong><\/td>\n<\/tr>\n<tr>\n<td style=\"text-align: center;\" width=\"604\">Antal Alexa<\/p>\n<div dir=\"auto\">06 70\/ 606 &#8211; 81 &#8211; 71<\/div>\n<div dir=\"auto\">alexaantal5@gmail.com<\/div>\n<\/td>\n<\/tr>\n<\/tbody>\n<\/table>\n","protected":false},"excerpt":{"rendered":"<p>ELN\u00d6KS\u00c9G Tardi Roland Hallgat\u00f3i \u00d6nkorm\u00e1nyzat Eln\u00f6k btkhok@uni-miskolc.hu 06 30\/ 649 &#8211; 00 &#8211; 08 BTK-H\u00d6K eln\u00f6k k\u00f6zvetlen ir\u00e1ny\u00edt\u00e1sa al\u00e1 tartoz\u00f3 tagok Hoffer Barbara\u00a0 Kommunik\u00e1ci\u00f3s referens instagram.com\/me_btkhok Muszbek No\u00e9mi\u00a0 Irodavezet\u0151 ALELN\u00d6K\u00d6K Tr\u00f3ja Andr\u00e1s \u00c1ltal\u00e1nos \u00e9s koll\u00e9giumi \u00fcgyek\u00e9rt felel\u0151s aleln\u00f6k btkkb@uni-miskolc.hu 06 30\/ 782 &#8211;\u00a0 74 &#8211; 03 Jask\u00f3 Eszter Szoci\u00e1lis \u00e9s \u00d6szt\u00f6nd\u00edj Bizotts\u00e1g Eln\u00f6k btkszob@uni-miskolc.hu 06&hellip;<\/p>\n","protected":false},"author":1,"featured_media":0,"parent":0,"menu_order":1,"comment_status":"open","ping_status":"open","template":"","meta":[],"_links":{"self":[{"href":"http:\/\/www.mehok.uni-miskolc.hu\/btkhok\/index.php?rest_route=\/wp\/v2\/pages\/5"}],"collection":[{"href":"http:\/\/www.mehok.uni-miskolc.hu\/btkhok\/index.php?rest_route=\/wp\/v2\/pages"}],"about":[{"href":"http:\/\/www.mehok.uni-miskolc.hu\/btkhok\/index.php?rest_route=\/wp\/v2\/types\/page"}],"author":[{"embeddable":true,"href":"http:\/\/www.mehok.uni-miskolc.hu\/btkhok\/index.php?rest_route=\/wp\/v2\/users\/1"}],"replies":[{"embeddable":true,"href":"http:\/\/www.mehok.uni-miskolc.hu\/btkhok\/index.php?rest_route=%2Fwp%2Fv2%2Fcomments&post=5"}],"version-history":[{"count":131,"href":"http:\/\/www.mehok.uni-miskolc.hu\/btkhok\/index.php?rest_route=\/wp\/v2\/pages\/5\/revisions"}],"predecessor-version":[{"id":2024,"href":"http:\/\/www.mehok.uni-miskolc.hu\/btkhok\/index.php?rest_route=\/wp\/v2\/pages\/5\/revisions\/2024"}],"wp:attachment":[{"href":"http:\/\/www.mehok.uni-miskolc.hu\/btkhok\/index.php?rest_route=%2Fwp%2Fv2%2Fmedia&parent=5"}],"curies":[{"name":"wp","href":"https:\/\/api.w.org\/{rel}","templated":true}]}}