{"id":2,"date":"2011-03-02T13:08:20","date_gmt":"2011-03-02T13:08:20","guid":{"rendered":"http:\/\/www.mehok.uni-miskolc.hu\/btkhok\/?page_id=2"},"modified":"2018-11-12T10:55:02","modified_gmt":"2018-11-12T08:55:02","slug":"nevjegy","status":"publish","type":"page","link":"http:\/\/www.mehok.uni-miskolc.hu\/btkhok\/?page_id=2","title":{"rendered":"N\u00e9vjegy"},"content":{"rendered":"<p style=\"text-align: justify;\"><strong>Miskolci Egyetem B\u00f6lcs\u00e9szettudom\u00e1nyi Kar Hallgat\u00f3i \u00d6nkorm\u00e1nyzat(BTK-H\u00d6K)<\/strong><\/p>\n<p style=\"text-align: justify;\"><strong>A BTK-H\u00d6K az egyetem \u00f6nkorm\u00e1nyzat\u00e1nak r\u00e9szek\u00e9nt a hallgat\u00f3k alanyi jog\u00fa k\u00e9pviselet\u00e9t l\u00e1tja el a kar d\u00f6nt\u00e9s-el\u0151k\u00e9sz\u00edt\u0151 \u00e9s d\u00f6nt\u00e9shoz\u00f3 test\u00fcleteiben. Ennek megfelel\u0151en mindenhol \u00e9s mindenkor a hallgat\u00f3k egy\u00e9ni \u00e9s kollekt\u00edv jogait v\u00e9di.<\/strong><\/p>\n<p style=\"text-align: justify;\"><strong>A kar Hallgat\u00f3i \u00d6nkorm\u00e1nyzat k\u00e9pvisel\u0151it minden \u00e9v szeptember\u00e9ben v\u00e1lasztj\u00e1k egy \u00e9vre. \u0150k alkotj\u00e1k a kar H\u00d6K K\u00fcld\u00f6ttgy\u0171l\u00e9s\u00e9t. Ezen test\u00fclet k\u00e9pvisel\u0151ket k\u00fcld a Kari Tan\u00e1csba, amely a kar legf\u0151bb d\u00f6nt\u00e9shoz\u00f3 szerve, a Tanulm\u00e1nyi Bizotts\u00e1gba, amely d\u00f6nt\u00e9seket hoz a hallgat\u00f3k \u00e1ltal beny\u00fajtott k\u00e9rv\u00e9nyekkel kapcsolatban, a Fegyelmi Bizotts\u00e1gba, \u00e9s minden olyan tov\u00e1bbi test\u00fcletbe, ahov\u00e1 a jogszab\u00e1ly lehet\u0151v\u00e9 teszi vagy megk\u00f6veteli. A BTK-H\u00d6K eln\u00f6ks\u00e9ge szervezi \u00e9s ir\u00e1ny\u00edtja a H\u00d6K munk\u00e1j\u00e1t, a napi feladatok ell\u00e1t\u00e1s\u00e1t, el\u0151k\u00e9sz\u00edti a K\u00fcld\u00f6ttgy\u0171l\u00e9s d\u00f6nt\u00e9seit, folyamatosan kapcsolatban \u00e1ll a kar vezet\u00e9s\u00e9vel.<\/strong><\/p>\n<p>&nbsp;<\/p>\n<p style=\"text-align: justify;\"><strong><strong>El\u00e9rhet\u0151s\u00e9geink:<\/strong><\/strong><\/p>\n<p style=\"text-align: justify;\"><strong><strong>C\u00edm: 3515 Miskolc Egyetemv\u00e1ros B\/2 \u00c9p\u00fclet, alagsor<\/strong><\/strong><\/p>\n<p style=\"text-align: justify;\"><strong><strong>Telefonsz\u00e1m: 0646 \/ 565 -111 \u00a0\u00a0 mell\u00e9k:\u00a0\u00a0 2318<\/strong><br \/>\n<\/strong><\/p>\n<p style=\"text-align: center;\">\n","protected":false},"excerpt":{"rendered":"<p>Miskolci Egyetem B\u00f6lcs\u00e9szettudom\u00e1nyi Kar Hallgat\u00f3i \u00d6nkorm\u00e1nyzat(BTK-H\u00d6K) A BTK-H\u00d6K az egyetem \u00f6nkorm\u00e1nyzat\u00e1nak r\u00e9szek\u00e9nt a hallgat\u00f3k alanyi jog\u00fa k\u00e9pviselet\u00e9t l\u00e1tja el a kar d\u00f6nt\u00e9s-el\u0151k\u00e9sz\u00edt\u0151 \u00e9s d\u00f6nt\u00e9shoz\u00f3 test\u00fcleteiben. Ennek megfelel\u0151en mindenhol \u00e9s mindenkor a hallgat\u00f3k egy\u00e9ni \u00e9s kollekt\u00edv jogait v\u00e9di. A kar Hallgat\u00f3i \u00d6nkorm\u00e1nyzat k\u00e9pvisel\u0151it minden \u00e9v szeptember\u00e9ben v\u00e1lasztj\u00e1k egy \u00e9vre. \u0150k alkotj\u00e1k a kar H\u00d6K K\u00fcld\u00f6ttgy\u0171l\u00e9s\u00e9t. Ezen&hellip;<\/p>\n","protected":false},"author":1,"featured_media":0,"parent":0,"menu_order":9,"comment_status":"open","ping_status":"open","template":"","meta":[],"_links":{"self":[{"href":"http:\/\/www.mehok.uni-miskolc.hu\/btkhok\/index.php?rest_route=\/wp\/v2\/pages\/2"}],"collection":[{"href":"http:\/\/www.mehok.uni-miskolc.hu\/btkhok\/index.php?rest_route=\/wp\/v2\/pages"}],"about":[{"href":"http:\/\/www.mehok.uni-miskolc.hu\/btkhok\/index.php?rest_route=\/wp\/v2\/types\/page"}],"author":[{"embeddable":true,"href":"http:\/\/www.mehok.uni-miskolc.hu\/btkhok\/index.php?rest_route=\/wp\/v2\/users\/1"}],"replies":[{"embeddable":true,"href":"http:\/\/www.mehok.uni-miskolc.hu\/btkhok\/index.php?rest_route=%2Fwp%2Fv2%2Fcomments&post=2"}],"version-history":[{"count":36,"href":"http:\/\/www.mehok.uni-miskolc.hu\/btkhok\/index.php?rest_route=\/wp\/v2\/pages\/2\/revisions"}],"predecessor-version":[{"id":1887,"href":"http:\/\/www.mehok.uni-miskolc.hu\/btkhok\/index.php?rest_route=\/wp\/v2\/pages\/2\/revisions\/1887"}],"wp:attachment":[{"href":"http:\/\/www.mehok.uni-miskolc.hu\/btkhok\/index.php?rest_route=%2Fwp%2Fv2%2Fmedia&parent=2"}],"curies":[{"name":"wp","href":"https:\/\/api.w.org\/{rel}","templated":true}]}}