{"id":1645,"date":"2015-10-24T15:00:32","date_gmt":"2015-10-24T13:00:32","guid":{"rendered":"http:\/\/www.mehok.uni-miskolc.hu\/btkhok\/?page_id=1645"},"modified":"2021-01-24T19:48:08","modified_gmt":"2021-01-24T17:48:08","slug":"partnereink","status":"publish","type":"page","link":"http:\/\/www.mehok.uni-miskolc.hu\/btkhok\/?page_id=1645","title":{"rendered":"\u00dcgyel\u00e9si Rend"},"content":{"rendered":"<p><img loading=\"lazy\" class=\"aligncenter\" src=\"https:\/\/lh3.googleusercontent.com\/9y1q_3Xmf42bvu8zERJb20NaOgboKN2KGsG0t3fxz94-4AiHqfs8AH_y3Rs6tZN4Gd6cSw=w2560-h1528\" alt=\"\" width=\"1585\" height=\"775\" \/><\/p>\n<p style=\"text-align: center;\"><strong>\u00dcgyel\u00e9si Rend<br \/>\n<\/strong>(H\u00e9tf\u0151t\u0151l p\u00e9ntekig 9:00-11:00)<br \/>\n(P\u00e1ros h\u00e9ten: Kedd-Cs\u00fct\u00f6rt\u00f6k)<br \/>\n(P\u00e1ratlan h\u00e9ten: H\u00e9tf\u0151-Szerda-P\u00e9ntek)<\/p>\n<table style=\"width: 684px; height: 171px;\" border=\"3\" cellspacing=\"0\" cellpadding=\"0\" align=\"center\">\n<thead>\n<tr>\n<th style=\"border-color: #000000; text-align: center;\" scope=\"row\"><\/th>\n<th style=\"border-color: #000000; text-align: center;\" scope=\"col\">H\u00e9tf\u0151<\/th>\n<th style=\"border-color: #000000; text-align: center;\" scope=\"col\">Kedd<\/th>\n<th style=\"border-color: #000000; text-align: center;\" scope=\"col\">Szerda<\/th>\n<th style=\"border-color: #000000; text-align: center;\" scope=\"col\">Cs\u00fct\u00f6rt\u00f6k<\/th>\n<th style=\"border-color: #000000; text-align: center;\" scope=\"col\">P\u00e9ntek<\/th>\n<\/tr>\n<\/thead>\n<tbody>\n<tr>\n<th style=\"border-color: #000000;\" scope=\"row\">H\u00d6K<\/th>\n<td style=\"border-color: #000000; text-align: center;\" colspan=\"1\"><\/td>\n<td style=\"border-color: #000000; text-align: center;\"><\/td>\n<td style=\"border-color: #000000; text-align: center;\"><\/td>\n<td style=\"border-color: #000000; text-align: center;\"><\/td>\n<td style=\"border-color: #000000; text-align: center;\"><\/td>\n<\/tr>\n<tr>\n<th style=\"border-color: #000000;\" scope=\"row\"><\/th>\n<td style=\"border-color: #000000;\" colspan=\"1\"><\/td>\n<td style=\"border-color: #000000;\"><\/td>\n<td style=\"border-color: #000000; text-align: center;\"><\/td>\n<td style=\"border-color: #000000;\"><\/td>\n<td style=\"border-color: #000000;\"><\/td>\n<\/tr>\n<tr>\n<th style=\"border-color: #000000;\" scope=\"row\">SZ\u00d6B<\/th>\n<td style=\"border-color: #000000; text-align: center;\" colspan=\"1\"><\/td>\n<td style=\"border-color: #000000; text-align: center;\"><\/td>\n<td style=\"border-color: #000000; text-align: center;\"><\/td>\n<td style=\"border-color: #000000; text-align: center;\"><\/td>\n<td style=\"border-color: #000000; text-align: center;\"><\/td>\n<\/tr>\n<tr>\n<th style=\"border-color: #000000;\" scope=\"row\">KB<\/th>\n<td style=\"border-color: #000000;\"><\/td>\n<td style=\"border-color: #000000;\"><\/td>\n<td style=\"border-color: #000000; text-align: center;\"><\/td>\n<td style=\"border-color: #000000; text-align: center;\"><\/td>\n<td style=\"border-color: #000000;\"><\/td>\n<\/tr>\n<\/tbody>\n<\/table>\n","protected":false},"excerpt":{"rendered":"<p>\u00dcgyel\u00e9si Rend (H\u00e9tf\u0151t\u0151l p\u00e9ntekig 9:00-11:00) (P\u00e1ros h\u00e9ten: Kedd-Cs\u00fct\u00f6rt\u00f6k) (P\u00e1ratlan h\u00e9ten: H\u00e9tf\u0151-Szerda-P\u00e9ntek) H\u00e9tf\u0151 Kedd Szerda Cs\u00fct\u00f6rt\u00f6k P\u00e9ntek H\u00d6K SZ\u00d6B KB<\/p>\n","protected":false},"author":1,"featured_media":0,"parent":0,"menu_order":8,"comment_status":"closed","ping_status":"closed","template":"","meta":[],"_links":{"self":[{"href":"http:\/\/www.mehok.uni-miskolc.hu\/btkhok\/index.php?rest_route=\/wp\/v2\/pages\/1645"}],"collection":[{"href":"http:\/\/www.mehok.uni-miskolc.hu\/btkhok\/index.php?rest_route=\/wp\/v2\/pages"}],"about":[{"href":"http:\/\/www.mehok.uni-miskolc.hu\/btkhok\/index.php?rest_route=\/wp\/v2\/types\/page"}],"author":[{"embeddable":true,"href":"http:\/\/www.mehok.uni-miskolc.hu\/btkhok\/index.php?rest_route=\/wp\/v2\/users\/1"}],"replies":[{"embeddable":true,"href":"http:\/\/www.mehok.uni-miskolc.hu\/btkhok\/index.php?rest_route=%2Fwp%2Fv2%2Fcomments&post=1645"}],"version-history":[{"count":13,"href":"http:\/\/www.mehok.uni-miskolc.hu\/btkhok\/index.php?rest_route=\/wp\/v2\/pages\/1645\/revisions"}],"predecessor-version":[{"id":1980,"href":"http:\/\/www.mehok.uni-miskolc.hu\/btkhok\/index.php?rest_route=\/wp\/v2\/pages\/1645\/revisions\/1980"}],"wp:attachment":[{"href":"http:\/\/www.mehok.uni-miskolc.hu\/btkhok\/index.php?rest_route=%2Fwp%2Fv2%2Fmedia&parent=1645"}],"curies":[{"name":"wp","href":"https:\/\/api.w.org\/{rel}","templated":true}]}}