{"id":1328,"date":"2015-01-12T20:03:05","date_gmt":"2015-01-12T18:03:05","guid":{"rendered":"http:\/\/www.mehok.uni-miskolc.hu\/btkhok\/?page_id=1328"},"modified":"2022-01-28T11:53:25","modified_gmt":"2022-01-28T09:53:25","slug":"kolbiz","status":"publish","type":"page","link":"http:\/\/www.mehok.uni-miskolc.hu\/btkhok\/?page_id=1328","title":{"rendered":"KolBiz"},"content":{"rendered":"<table>\n<tbody>\n<tr>\n<td style=\"text-align: center;\" width=\"604\">\u00a0<strong>ELN\u00d6K<\/strong><\/td>\n<\/tr>\n<tr>\n<td width=\"604\">\n<p style=\"text-align: center;\">Tr\u00f3ja Andr\u00e1s<br \/>\nKoll\u00e9giumi Bizotts\u00e1g Eln\u00f6k<br \/>\nbtkkb@uni-miskolc.hu<\/p>\n<p style=\"text-align: center;\">06\/30\/782-74-03<\/p>\n<\/td>\n<\/tr>\n<tr>\n<td style=\"text-align: center;\" width=\"604\">\u00a0<strong>TAGOK<\/strong><\/td>\n<\/tr>\n<tr>\n<td width=\"604\">\n<p style=\"text-align: center;\">S\u00e1ri Patrik<\/p>\n<p style=\"text-align: center;\">\n<\/td>\n<\/tr>\n<tr>\n<td width=\"604\">\n<p style=\"text-align: center;\">Kardos Eszter<\/p>\n<p style=\"text-align: center;\">\n<\/td>\n<\/tr>\n<tr>\n<td width=\"604\">\n<p style=\"text-align: center;\">\u00d3v\u00e1ri Dorottya<\/p>\n<\/td>\n<\/tr>\n<tr>\n<td width=\"604\">\n<p style=\"text-align: center;\">Vida J\u00f3zsef Andr\u00e1s<\/p>\n<p style=\"text-align: center;\">\n<\/td>\n<\/tr>\n<\/tbody>\n<\/table>\n","protected":false},"excerpt":{"rendered":"<p>\u00a0ELN\u00d6K Tr\u00f3ja Andr\u00e1s Koll\u00e9giumi Bizotts\u00e1g Eln\u00f6k btkkb@uni-miskolc.hu 06\/30\/782-74-03 \u00a0TAGOK S\u00e1ri Patrik Kardos Eszter \u00d3v\u00e1ri Dorottya Vida J\u00f3zsef Andr\u00e1s<\/p>\n","protected":false},"author":1,"featured_media":0,"parent":0,"menu_order":4,"comment_status":"open","ping_status":"open","template":"","meta":[],"_links":{"self":[{"href":"http:\/\/www.mehok.uni-miskolc.hu\/btkhok\/index.php?rest_route=\/wp\/v2\/pages\/1328"}],"collection":[{"href":"http:\/\/www.mehok.uni-miskolc.hu\/btkhok\/index.php?rest_route=\/wp\/v2\/pages"}],"about":[{"href":"http:\/\/www.mehok.uni-miskolc.hu\/btkhok\/index.php?rest_route=\/wp\/v2\/types\/page"}],"author":[{"embeddable":true,"href":"http:\/\/www.mehok.uni-miskolc.hu\/btkhok\/index.php?rest_route=\/wp\/v2\/users\/1"}],"replies":[{"embeddable":true,"href":"http:\/\/www.mehok.uni-miskolc.hu\/btkhok\/index.php?rest_route=%2Fwp%2Fv2%2Fcomments&post=1328"}],"version-history":[{"count":20,"href":"http:\/\/www.mehok.uni-miskolc.hu\/btkhok\/index.php?rest_route=\/wp\/v2\/pages\/1328\/revisions"}],"predecessor-version":[{"id":2015,"href":"http:\/\/www.mehok.uni-miskolc.hu\/btkhok\/index.php?rest_route=\/wp\/v2\/pages\/1328\/revisions\/2015"}],"wp:attachment":[{"href":"http:\/\/www.mehok.uni-miskolc.hu\/btkhok\/index.php?rest_route=%2Fwp%2Fv2%2Fmedia&parent=1328"}],"curies":[{"name":"wp","href":"https:\/\/api.w.org\/{rel}","templated":true}]}}