{"id":1318,"date":"2015-01-11T23:11:21","date_gmt":"2015-01-11T21:11:21","guid":{"rendered":"http:\/\/www.mehok.uni-miskolc.hu\/btkhok\/?page_id=1318"},"modified":"2022-01-28T11:54:14","modified_gmt":"2022-01-28T09:54:14","slug":"valeta-bizottsag","status":"publish","type":"page","link":"http:\/\/www.mehok.uni-miskolc.hu\/btkhok\/?page_id=1318","title":{"rendered":"Val\u00e9ta"},"content":{"rendered":"<table>\n<tbody>\n<tr>\n<td style=\"text-align: center;\" width=\"604\"><strong>VAL\u00c9TA ELN\u00d6K<\/strong><\/td>\n<\/tr>\n<tr>\n<td style=\"text-align: center;\" width=\"604\">Rechnitzer L\u00e1szl\u00f3<\/td>\n<\/tr>\n<tr>\n<td style=\"text-align: center;\" width=\"604\"><strong>\u00a0VAL\u00c9TA P\u00c9NZT\u00c1ROS<\/strong><\/td>\n<\/tr>\n<tr>\n<td style=\"text-align: center;\" width=\"604\">Z\u00e1m Dominika Luca<\/td>\n<\/tr>\n<\/tbody>\n<\/table>\n\n\n<p class=\"has-text-align-center\">mebtk.valeta@gmail.com <\/p>\n","protected":false},"excerpt":{"rendered":"<p>VAL\u00c9TA ELN\u00d6K Rechnitzer L\u00e1szl\u00f3 \u00a0VAL\u00c9TA P\u00c9NZT\u00c1ROS Z\u00e1m Dominika Luca mebtk.valeta@gmail.com<\/p>\n","protected":false},"author":1,"featured_media":0,"parent":0,"menu_order":4,"comment_status":"open","ping_status":"open","template":"","meta":[],"_links":{"self":[{"href":"http:\/\/www.mehok.uni-miskolc.hu\/btkhok\/index.php?rest_route=\/wp\/v2\/pages\/1318"}],"collection":[{"href":"http:\/\/www.mehok.uni-miskolc.hu\/btkhok\/index.php?rest_route=\/wp\/v2\/pages"}],"about":[{"href":"http:\/\/www.mehok.uni-miskolc.hu\/btkhok\/index.php?rest_route=\/wp\/v2\/types\/page"}],"author":[{"embeddable":true,"href":"http:\/\/www.mehok.uni-miskolc.hu\/btkhok\/index.php?rest_route=\/wp\/v2\/users\/1"}],"replies":[{"embeddable":true,"href":"http:\/\/www.mehok.uni-miskolc.hu\/btkhok\/index.php?rest_route=%2Fwp%2Fv2%2Fcomments&post=1318"}],"version-history":[{"count":12,"href":"http:\/\/www.mehok.uni-miskolc.hu\/btkhok\/index.php?rest_route=\/wp\/v2\/pages\/1318\/revisions"}],"predecessor-version":[{"id":2016,"href":"http:\/\/www.mehok.uni-miskolc.hu\/btkhok\/index.php?rest_route=\/wp\/v2\/pages\/1318\/revisions\/2016"}],"wp:attachment":[{"href":"http:\/\/www.mehok.uni-miskolc.hu\/btkhok\/index.php?rest_route=%2Fwp%2Fv2%2Fmedia&parent=1318"}],"curies":[{"name":"wp","href":"https:\/\/api.w.org\/{rel}","templated":true}]}}