{"id":10,"date":"2011-03-12T18:37:23","date_gmt":"2011-03-12T17:37:23","guid":{"rendered":"http:\/\/www.mehok.uni-miskolc.hu\/btkhok\/?page_id=10"},"modified":"2022-03-25T22:36:41","modified_gmt":"2022-03-25T20:36:41","slug":"szob","status":"publish","type":"page","link":"http:\/\/www.mehok.uni-miskolc.hu\/btkhok\/?page_id=10","title":{"rendered":"SZ\u00d6B"},"content":{"rendered":"<table border=\"1\" cellspacing=\"0\" cellpadding=\"0\">\n<tbody>\n<tr>\n<td valign=\"top\" width=\"614\">\n<p style=\"text-align: center;\"><strong>ELN\u00d6K<\/strong><\/p>\n<\/td>\n<\/tr>\n<tr>\n<td valign=\"top\" width=\"614\">\n<p style=\"text-align: center;\">Jask\u00f3 Eszter<\/p>\n<p style=\"text-align: center;\">Szoci\u00e1lis \u00e9s \u00d6szt\u00f6nd\u00edj Bizotts\u00e1g Eln\u00f6k<br \/>\nbtkszob@uni-miskolc.hu<br \/>\n06\/30 929-4582<\/p>\n<\/td>\n<\/tr>\n<tr>\n<td valign=\"top\" width=\"614\">\n<p style=\"text-align: center;\"><strong>TAGOK<\/strong><\/p>\n<\/td>\n<\/tr>\n<tr>\n<td style=\"text-align: center;\" valign=\"top\" width=\"614\">Jask\u00f3 Dorina<\/td>\n<\/tr>\n<tr>\n<td valign=\"top\" width=\"614\">\n<p style=\"text-align: center;\">Mars\u00f3 Lotti R\u00e9ka<\/p>\n<\/td>\n<\/tr>\n<tr>\n<td valign=\"top\" width=\"614\">\n<p style=\"text-align: center;\">G\u00f3r Bogl\u00e1rka<\/p>\n<\/td>\n<\/tr>\n<tr>\n<td style=\"text-align: center;\" valign=\"top\" width=\"614\">Uraky No\u00e9mi<\/td>\n<\/tr>\n<\/tbody>\n<\/table>\n","protected":false},"excerpt":{"rendered":"<p>ELN\u00d6K Jask\u00f3 Eszter Szoci\u00e1lis \u00e9s \u00d6szt\u00f6nd\u00edj Bizotts\u00e1g Eln\u00f6k btkszob@uni-miskolc.hu 06\/30 929-4582 TAGOK Jask\u00f3 Dorina Mars\u00f3 Lotti R\u00e9ka G\u00f3r Bogl\u00e1rka Uraky No\u00e9mi<\/p>\n","protected":false},"author":1,"featured_media":0,"parent":0,"menu_order":3,"comment_status":"open","ping_status":"open","template":"","meta":[],"_links":{"self":[{"href":"http:\/\/www.mehok.uni-miskolc.hu\/btkhok\/index.php?rest_route=\/wp\/v2\/pages\/10"}],"collection":[{"href":"http:\/\/www.mehok.uni-miskolc.hu\/btkhok\/index.php?rest_route=\/wp\/v2\/pages"}],"about":[{"href":"http:\/\/www.mehok.uni-miskolc.hu\/btkhok\/index.php?rest_route=\/wp\/v2\/types\/page"}],"author":[{"embeddable":true,"href":"http:\/\/www.mehok.uni-miskolc.hu\/btkhok\/index.php?rest_route=\/wp\/v2\/users\/1"}],"replies":[{"embeddable":true,"href":"http:\/\/www.mehok.uni-miskolc.hu\/btkhok\/index.php?rest_route=%2Fwp%2Fv2%2Fcomments&post=10"}],"version-history":[{"count":49,"href":"http:\/\/www.mehok.uni-miskolc.hu\/btkhok\/index.php?rest_route=\/wp\/v2\/pages\/10\/revisions"}],"predecessor-version":[{"id":2044,"href":"http:\/\/www.mehok.uni-miskolc.hu\/btkhok\/index.php?rest_route=\/wp\/v2\/pages\/10\/revisions\/2044"}],"wp:attachment":[{"href":"http:\/\/www.mehok.uni-miskolc.hu\/btkhok\/index.php?rest_route=%2Fwp%2Fv2%2Fmedia&parent=10"}],"curies":[{"name":"wp","href":"https:\/\/api.w.org\/{rel}","templated":true}]}}